{"id":123,"date":"2018-07-11T10:38:53","date_gmt":"2018-07-11T10:38:53","guid":{"rendered":"https:\/\/www.auxiliavera.com\/?page_id=123"},"modified":"2018-08-07T10:59:06","modified_gmt":"2018-08-07T10:59:06","slug":"partnerzy","status":"publish","type":"page","link":"https:\/\/www.auxiliavera.com\/?page_id=123","title":{"rendered":"T\u0141UMACZ"},"content":{"rendered":"<h3><\/h3>\n<h3 style=\"text-align: center;\">Firma Auxilia Vera pozostaje w sta\u0142ej wsp\u00f3\u0142pracy z t\u0142umaczem przysi\u0119g\u0142ym j\u0119zyka niemieckiego w zakresie t\u0142umaczenia dokument\u00f3w niezb\u0119dnych do realizacji zlece\u0144 na terenie Niemiec.<\/h3>\n<p>&nbsp;<\/p>\n<p><strong><b>T\u0141UMACZ PRZYSI\u0118G\u0141Y J\u0118ZYKA NIEMIECKIEGO<\/b><\/strong><br \/>\nWpis na list\u0119 t\u0142umaczy przysi\u0119g\u0142ych Ministerstwa Sprawiedliwo\u015bci pod nr TP\/3039\/05<\/p>\n<p>Data nabycia uprawnie\u0144: 01.06.2001<\/p>\n<p>T\u0142umaczenia ustne i pisemne z j\u0119zyka niemieckiego i na j\u0119zyk niemiecki w zakresie wsp\u00f3\u0142pracy z s\u0105dem, policj\u0105, urz\u0119dami, firmami oraz osobami prywatnymi:<\/p>\n<p>&#8211; standardowe dokumenty urz\u0119dowe,<br \/>\n&#8211; ubezpieczenia,<br \/>\n&#8211; rozliczenia finansowe,<br \/>\n&#8211; teksty prawnicze i notarialne,<br \/>\n&#8211; teksty medyczne, wypisy lekarskie,<br \/>\n&#8211; dokumenty samochodowe,<br \/>\n&#8211; publikacje o tematyce turystycznej, technicznej, biograficznej, religijnej i in.,<br \/>\n&#8211; strony internetowe,<br \/>\n&#8211; t\u0142umaczenia podczas spotka\u0144 biznesowych, literackich, turystycznych i in.<br \/>\n&#8211; prowadzenie korespondencji niemieckoj\u0119zycznej.<\/p>\n<p>&nbsp;<\/p>\n<p><strong>Kontakt:<\/strong><\/p>\n<p>tel.: +48 789 200 352<\/p>\n<p>e-mail: biuro@auxiliavera.com<\/p>\n<p>80-241 Gda\u0144sk, Al. Grunwaldzka 56 lok. 211<\/p>\n<p>poniedzia\u0142ek \u2013 pi\u0105tek godz. 10.00 \u2013 16.00<\/p>\n<p>&nbsp;<\/p>\n<p>&nbsp;<\/p>\n ","protected":false},"excerpt":{"rendered":"<p>Firma Auxilia Vera pozostaje w sta\u0142ej wsp\u00f3\u0142pracy z t\u0142umaczem przysi\u0119g\u0142ym j\u0119zyka niemieckiego w zakresie t\u0142umaczenia dokument\u00f3w niezb\u0119dnych do realizacji zlece\u0144 na terenie Niemiec. &nbsp; T\u0141UMACZ PRZYSI\u0118G\u0141Y J\u0118ZYKA NIEMIECKIEGO Wpis na list\u0119 t\u0142umaczy przysi\u0119g\u0142ych Ministerstwa Sprawiedliwo\u015bci pod nr TP\/3039\/05 Data nabycia uprawnie\u0144: 01.06.2001 T\u0142umaczenia ustne i pisemne z j\u0119zyka niemieckiego i na j\u0119zyk niemiecki w zakresie&hellip; <br \/> <a class=\"read-more\" href=\"https:\/\/www.auxiliavera.com\/?page_id=123\">Dowiedz si\u0119 wi\u0119cej<\/a><\/p>\n","protected":false},"author":1,"featured_media":0,"parent":0,"menu_order":0,"comment_status":"closed","ping_status":"closed","template":"","meta":{"footnotes":""},"class_list":["post-123","page","type-page","status-publish","hentry"],"_links":{"self":[{"href":"https:\/\/www.auxiliavera.com\/index.php?rest_route=\/wp\/v2\/pages\/123","targetHints":{"allow":["GET"]}}],"collection":[{"href":"https:\/\/www.auxiliavera.com\/index.php?rest_route=\/wp\/v2\/pages"}],"about":[{"href":"https:\/\/www.auxiliavera.com\/index.php?rest_route=\/wp\/v2\/types\/page"}],"author":[{"embeddable":true,"href":"https:\/\/www.auxiliavera.com\/index.php?rest_route=\/wp\/v2\/users\/1"}],"replies":[{"embeddable":true,"href":"https:\/\/www.auxiliavera.com\/index.php?rest_route=%2Fwp%2Fv2%2Fcomments&post=123"}],"version-history":[{"count":4,"href":"https:\/\/www.auxiliavera.com\/index.php?rest_route=\/wp\/v2\/pages\/123\/revisions"}],"predecessor-version":[{"id":925,"href":"https:\/\/www.auxiliavera.com\/index.php?rest_route=\/wp\/v2\/pages\/123\/revisions\/925"}],"wp:attachment":[{"href":"https:\/\/www.auxiliavera.com\/index.php?rest_route=%2Fwp%2Fv2%2Fmedia&parent=123"}],"curies":[{"name":"wp","href":"https:\/\/api.w.org\/{rel}","templated":true}]}}