{"id":4606,"date":"2021-12-02T12:05:16","date_gmt":"2021-12-02T12:05:16","guid":{"rendered":"https:\/\/www.auxiliavera.com\/?page_id=4606"},"modified":"2024-02-05T12:04:13","modified_gmt":"2024-02-05T12:04:13","slug":"bedarfsbogen","status":"publish","type":"page","link":"https:\/\/www.auxiliavera.com\/?page_id=4606","title":{"rendered":"BEDARFSBOGEN"},"content":{"rendered":"<p><strong>Sehr geehrte Damen und Herren<\/strong><\/p>\n<p>Wir laden Sie herzlich zur Zusammenarbeit im Bereich der Seniorenbetreuung ein.<\/p>\n<p>Unsere Firma vermittelt seit Jahren polnische Betreuungskr\u00e4fte und bietet ihre\u00a0 Dienstleistungen mit viel Erfolg in ganz Deutschland an. Alle Kr\u00e4fte sind ordnungsgem\u00e4\u00df angestellt und bei der deutschen Krankenkasse sozial- und krankenversichert<\/p>\n<p>Um Ihnen ein gut angepasstes Angebot vorstellen zu k\u00f6nnen, w\u00fcrden wir gerne genaue, detaillierte Informationen \u00fcber den Gesundheitszustand des Pflegebed\u00fcrftigen und Ihre W\u00fcnsche und Vorstellungen bez\u00fcglich der Betreuungskraft kennenlernen.\u00a0<\/p>\n<p><strong>Deswegen bitten wir um Erg\u00e4nzung und Zusendung des beigef\u00fcgten Bedarfsbogens:\u00a0<\/strong><\/p>\n\n\n<div class=\"wp-block-buttons is-content-justification-center is-layout-flex wp-container-core-buttons-is-layout-1 wp-block-buttons-is-layout-flex\">\n<div class=\"wp-block-button has-custom-width wp-block-button__width-50 has-custom-font-size is-style-fill has-medium-font-size\"><a class=\"wp-block-button__link has-background wp-element-button\" href=\"https:\/\/form.jotform.com\/213344386060047\" style=\"border-radius:100px;background-color:#6891a6\"><strong>BEDARFSBOGEN<\/strong><\/a><\/div>\n<\/div>\n\n\n\n<!--more-->\n\n\n<p>\u00a0 \u00a0\u00a0<\/p>\n\n\n<hr class=\"wp-block-separator has-alpha-channel-opacity\"\/>\n\n\n\n<p>Wir werden uns mit Ihnen so schnell wie m\u00f6glich in Verbindung setzen und alle Fragen beantworten. Dann bekommen Sie von uns unsere Preisliste, Profil der Betreuungskraft und Vertragsmuster. Alle Inhalte k\u00f6nnten wir dann selbstverst\u00e4ndlich besprechen und nach Ihrem Wunsch gerne anpassen.\u00a0<\/p>\n\n\n\n<p><strong data-rich-text-format-boundary=\"true\">WICHTIG: Die Preise werden immer individuell an die finanziellen W\u00fcnsche der Familie und der Betreuungskraft angepasst und vereinbart.<\/strong><\/p>\n\n\n\n<hr class=\"wp-block-separator has-alpha-channel-opacity\"\/>\n\n\n\n<p><span style=\"color: #297ea3;\">Wir bieten an:<\/span><\/p>\n\n\n\n<ul class=\"wp-block-list\">\n<li><span style=\"color: #297ea3;\">legale Besch\u00e4ftigung der Betreuungskr\u00e4fte<\/span><\/li>\n\n\n\n<li><span style=\"color: #297ea3;\">Organisation der An- und Abreise der Kr\u00e4ften zur\/von Kundenadresse, <\/span><\/li>\n\n\n\n<li><span style=\"color: #297ea3;\">Versicherung der Betreuungskr\u00e4fte in Deutschland bei der deutschen Krankenkasse (jede Kraft verf\u00fcgt \u00fcber die aktuelle Versicherungskarte &#8211; auf diese Weise ist sie flexibel und unbefristet verf\u00fcgbar)<\/span><\/li>\n\n\n\n<li><span style=\"color: #297ea3;\">professionelle Beratung&nbsp;<\/span><\/li>\n\n\n\n<li><span style=\"color: #297ea3;\">Erreichbarkeit rund um die Uhr im Notfall<\/span><\/li>\n<\/ul>\n\n\n\n<p class=\"has-text-align-left\">Wir hoffen, dass unsere Zusammenarbeit m\u00f6glich w\u00e4re und w\u00fcrden uns freuen, wenn Sie uns Ihre Hinweise bez. Zusammenarbeit schicken, alles werden wir gerne in Betracht nehmen.<\/p>\n\n\n\n<p class=\"has-text-align-left\"><strong>F\u00fcr R\u00fcckfragen stehen wir Ihnen gerne zur Verf\u00fcgung<\/strong><\/p>\n\n\n<div class=\"wp-block-image\">\n<figure class=\"alignleft\"><img loading=\"lazy\" decoding=\"async\" width=\"400\" height=\"100\" src=\"https:\/\/www.auxiliavera.com\/wp-content\/uploads\/2021\/12\/E-Mail-Adresse-info@auxiliavera.com-Telefonnummer-48-789-200-541.png\" alt=\"\" class=\"wp-image-4643\" srcset=\"https:\/\/www.auxiliavera.com\/wp-content\/uploads\/2021\/12\/E-Mail-Adresse-info@auxiliavera.com-Telefonnummer-48-789-200-541.png 400w, https:\/\/www.auxiliavera.com\/wp-content\/uploads\/2021\/12\/E-Mail-Adresse-info@auxiliavera.com-Telefonnummer-48-789-200-541-300x75.png 300w\" sizes=\"auto, (max-width: 400px) 100vw, 400px\" \/><\/figure><\/div>\n\n\n<p><strong>&nbsp;<\/strong><\/p>\n\n\n\n<p>     <\/p>\n\n\n\n<hr class=\"wp-block-separator has-alpha-channel-opacity is-style-wide\"\/>\n\n\n\n<h2 class=\"wp-block-heading has-text-align-center\">KONTAKT<\/h2>\n\n\n\n<div class=\"wp-block-group has-background has-large-font-size is-content-justification-center is-nowrap is-layout-flex wp-container-core-group-is-layout-1 wp-block-group-is-layout-flex\" style=\"background-color:#d0e0ec\">\n<div class=\"wp-block-contact-form-7-contact-form-selector\">\n<div class=\"wpcf7 no-js\" id=\"wpcf7-f5908-o1\" lang=\"pl-PL\" dir=\"ltr\">\n<div class=\"screen-reader-response\"><p role=\"status\" aria-live=\"polite\" aria-atomic=\"true\"><\/p> <ul><\/ul><\/div>\n<form action=\"\/index.php?rest_route=%2Fwp%2Fv2%2Fpages%2F4606#wpcf7-f5908-o1\" method=\"post\" class=\"wpcf7-form init\" aria-label=\"Formularz kontaktowy\" enctype=\"multipart\/form-data\" novalidate=\"novalidate\" data-status=\"init\">\n<div style=\"display: none;\">\n<input type=\"hidden\" name=\"_wpcf7\" value=\"5908\" \/>\n<input type=\"hidden\" name=\"_wpcf7_version\" value=\"5.7.7\" \/>\n<input type=\"hidden\" name=\"_wpcf7_locale\" value=\"pl_PL\" \/>\n<input type=\"hidden\" name=\"_wpcf7_unit_tag\" value=\"wpcf7-f5908-o1\" \/>\n<input type=\"hidden\" name=\"_wpcf7_container_post\" value=\"0\" \/>\n<input type=\"hidden\" name=\"_wpcf7_posted_data_hash\" value=\"\" \/>\n<\/div>\n<p><label><br \/>\n<label> Name<br \/>\n<span class=\"wpcf7-form-control-wrap\" data-name=\"your-name\"><input size=\"40\" class=\"wpcf7-form-control wpcf7-text wpcf7-validates-as-required\" autocomplete=\"name\" aria-required=\"true\" aria-invalid=\"false\" value=\"\" type=\"text\" name=\"your-name\" \/><\/span> <\/label><br \/>\n<label> E-Mail<br \/>\n<span class=\"wpcf7-form-control-wrap\" data-name=\"your-email\"><input size=\"40\" class=\"wpcf7-form-control wpcf7-text wpcf7-email wpcf7-validates-as-email\" autocomplete=\"email\" aria-invalid=\"false\" value=\"\" type=\"email\" name=\"your-email\" \/><\/span> <\/label><br \/>\n<label> Telefon<br \/>\n<span class=\"wpcf7-form-control-wrap\" data-name=\"your-telefon\"><input size=\"40\" class=\"wpcf7-form-control wpcf7-text wpcf7-validates-as-required\" autocomplete=\"telefon\" aria-required=\"true\" aria-invalid=\"false\" value=\"\" type=\"text\" name=\"your-telefon\" \/><\/span> <\/label><br \/>\n<label> Nachricht<br \/>\n<span class=\"wpcf7-form-control-wrap\" data-name=\"your-message\"><textarea cols=\"40\" rows=\"10\" class=\"wpcf7-form-control wpcf7-textarea\" aria-invalid=\"false\" name=\"your-message\"><\/textarea><\/span> <\/label><br \/>\n<label> \u2b07 Datei Hochladen<br \/>\n<span class=\"wpcf7-form-control-wrap\" data-name=\"DateiHochladen\"><input size=\"40\" class=\"wpcf7-form-control wpcf7-file\" accept=\"audio\/*,video\/*,image\/*\" aria-invalid=\"false\" type=\"file\" name=\"DateiHochladen\" \/><\/span><br \/>\n<label><br \/>\n<span class=\"wpcf7-form-control-wrap\" data-name=\"acceptance-379\"><span class=\"wpcf7-form-control wpcf7-acceptance\"><span class=\"wpcf7-list-item\"><label><input type=\"checkbox\" name=\"acceptance-379\" value=\"1\" aria-invalid=\"false\" \/><span class=\"wpcf7-list-item-label\">Ich erkl\u00e4re mich damit einverstanden, via E-Mail oder Telefon von AuxiliaVera Sp. z o.o. kontaktiert zu werden.<\/span><\/label><\/span><\/span><\/span><br \/>\n<label><br \/>\n<input class=\"wpcf7-form-control has-spinner wpcf7-submit\" type=\"submit\" value=\"SENDEN\" \/><\/label><\/label><\/label><\/label>\n<\/p><div class=\"wpcf7-response-output\" aria-hidden=\"true\"><\/div>\n<\/form>\n<\/div>\n<\/div>\n<\/div>\n ","protected":false},"excerpt":{"rendered":"<p>Sehr geehrte Damen und Herren Wir laden Sie herzlich zur Zusammenarbeit im Bereich der Seniorenbetreuung ein. Unsere Firma vermittelt seit Jahren polnische Betreuungskr\u00e4fte und bietet ihre\u00a0 Dienstleistungen mit viel Erfolg in ganz Deutschland an. Alle Kr\u00e4fte sind ordnungsgem\u00e4\u00df angestellt und bei der deutschen Krankenkasse sozial- und krankenversichert Um Ihnen ein gut angepasstes Angebot vorstellen zu&hellip; <br \/> <a class=\"read-more\" href=\"https:\/\/www.auxiliavera.com\/?page_id=4606\">Dowiedz si\u0119 wi\u0119cej<\/a><\/p>\n","protected":false},"author":1,"featured_media":0,"parent":0,"menu_order":0,"comment_status":"closed","ping_status":"closed","template":"","meta":{"footnotes":""},"class_list":["post-4606","page","type-page","status-publish","hentry"],"_links":{"self":[{"href":"https:\/\/www.auxiliavera.com\/index.php?rest_route=\/wp\/v2\/pages\/4606","targetHints":{"allow":["GET"]}}],"collection":[{"href":"https:\/\/www.auxiliavera.com\/index.php?rest_route=\/wp\/v2\/pages"}],"about":[{"href":"https:\/\/www.auxiliavera.com\/index.php?rest_route=\/wp\/v2\/types\/page"}],"author":[{"embeddable":true,"href":"https:\/\/www.auxiliavera.com\/index.php?rest_route=\/wp\/v2\/users\/1"}],"replies":[{"embeddable":true,"href":"https:\/\/www.auxiliavera.com\/index.php?rest_route=%2Fwp%2Fv2%2Fcomments&post=4606"}],"version-history":[{"count":41,"href":"https:\/\/www.auxiliavera.com\/index.php?rest_route=\/wp\/v2\/pages\/4606\/revisions"}],"predecessor-version":[{"id":7106,"href":"https:\/\/www.auxiliavera.com\/index.php?rest_route=\/wp\/v2\/pages\/4606\/revisions\/7106"}],"wp:attachment":[{"href":"https:\/\/www.auxiliavera.com\/index.php?rest_route=%2Fwp%2Fv2%2Fmedia&parent=4606"}],"curies":[{"name":"wp","href":"https:\/\/api.w.org\/{rel}","templated":true}]}}