{"id":5363,"date":"2022-08-10T10:16:19","date_gmt":"2022-08-10T10:16:19","guid":{"rendered":"https:\/\/www.auxiliavera.com\/?page_id=5363"},"modified":"2026-02-11T13:49:40","modified_gmt":"2026-02-11T13:49:40","slug":"aktualne-oferty","status":"publish","type":"page","link":"https:\/\/www.auxiliavera.com\/?page_id=5363","title":{"rendered":"AKTUALNE OFERTY"},"content":{"rendered":"\n<div class=\"wp-block-group has-small-font-size\"><div class=\"wp-block-group__inner-container is-layout-constrained wp-block-group-is-layout-constrained\">\n<div class=\"wp-block-group is-content-justification-center is-nowrap is-layout-flex wp-container-core-group-is-layout-1 wp-block-group-is-layout-flex\">\n<div class=\"wp-block-columns is-layout-flex wp-container-core-columns-is-layout-1 wp-block-columns-is-layout-flex\">\n<div class=\"wp-block-column is-layout-flow wp-block-column-is-layout-flow\" style=\"flex-basis:100%\">\n<p><img loading=\"lazy\" decoding=\"async\" class=\"aligncenter wp-image-7040 size-large\" src=\"https:\/\/www.auxiliavera.com\/wp-content\/uploads\/2024\/01\/hine-4-1024x256.png\" alt=\"\" width=\"1024\" height=\"256\" srcset=\"https:\/\/www.auxiliavera.com\/wp-content\/uploads\/2024\/01\/hine-4-1024x256.png 1024w, https:\/\/www.auxiliavera.com\/wp-content\/uploads\/2024\/01\/hine-4-300x75.png 300w, https:\/\/www.auxiliavera.com\/wp-content\/uploads\/2024\/01\/hine-4-768x192.png 768w, https:\/\/www.auxiliavera.com\/wp-content\/uploads\/2024\/01\/hine-4-1536x384.png 1536w, https:\/\/www.auxiliavera.com\/wp-content\/uploads\/2024\/01\/hine-4-1920x480.png 1920w, https:\/\/www.auxiliavera.com\/wp-content\/uploads\/2024\/01\/hine-4.png 2000w\" sizes=\"auto, (max-width: 1024px) 100vw, 1024px\" \/><\/p>\n<\/div>\n<\/div>\n<\/div>\n<\/div><\/div>\n\n\n\n<hr class=\"wp-block-separator has-alpha-channel-opacity\"\/>\n\n\n\n<div class=\"wp-block-group\"><div class=\"wp-block-group__inner-container is-layout-constrained wp-block-group-is-layout-constrained\">\n<p class=\"has-text-align-center has-text-color has-link-color wp-elements-1564afc31679c8e74112950835ebff7f\" style=\"color:#6f1515;font-style:normal;font-weight:500\"><strong>Uwaga! Wszystkich szczeg\u00f3\u0142owych informacji na temat zlecenia udzielamy w bezpo\u015bredniej rozmowie telefonicznej (+48 789 200 352).<\/strong><\/p>\n\n\n\n<div class=\"wp-block-group is-content-justification-space-between is-nowrap is-layout-flex wp-container-core-group-is-layout-4 wp-block-group-is-layout-flex\">\n<div class=\"wp-block-group is-vertical is-content-justification-stretch is-layout-flex wp-container-core-group-is-layout-3 wp-block-group-is-layout-flex\">\n<p class=\"has-text-align-center has-text-color has-link-color wp-elements-e254dfe411f910f42d4fb32be412100c\" style=\"color:#222222\"><strong>*Proponowana stawka wynagrodzenia netto za okres 31 dni, obejmuje niemieckie ubezpieczenie emerytalno-rentowe oraz koszty ksi\u0119gowe i podatkowe. Wysoko\u015b\u0107 wynagrodzenia uzale\u017cniona jest od do\u015bwiadczenia, referencji oraz poziomu znajomo\u015bci j\u0119zyka niemieckiego i ustalana jest z Opiekunem indywidualnie, ka\u017cdorazowo przy przedstawieniu oferty.<\/strong><\/p>\n\n\n\n<p><\/p>\n<\/div>\n<\/div>\n<\/div><\/div>\n\n\n\n<hr class=\"wp-block-separator has-alpha-channel-opacity\"\/>\n\n\n\n<figure class=\"wp-block-table aligncenter is-style-stripes\"><table><tbody><tr><td><strong>Nr oferty<\/strong><\/td><td><strong>Data rozpocz\u0119cia<\/strong><\/td><td><strong>Proponowana stawka*<\/strong><\/td><td><strong>Dane<br>Podopiecznego<\/strong><\/td><td><strong>Miejsce zlecenia<\/strong>                      <\/td><td><strong>Profil Opiekuna<\/strong><\/td><\/tr><tr><td><strong>13887<\/strong><\/td><td>19.02.2026<\/td><td>1.700\u20ac<\/td><td>K+0<\/td><td>18109 Rostock<\/td><td>K, DK2-3, bez FS<\/td><\/tr><tr><td><strong>13888<\/strong><\/td><td>18.02.2026<\/td><td>1.700\u20ac<\/td><td>K+0<\/td><td>67067 Ludwigshafen<\/td><td>K, DK2, bez FS<\/td><\/tr><tr><td><strong>13889<\/strong><\/td><td>09.02.2026<\/td><td>1.400\u20ac<\/td><td>K+0<\/td><td>86937 Scheuring<\/td><td>K, DK5-6, bez FS<\/td><\/tr><tr><td><strong>13890<\/strong><\/td><td>20.02.2026<\/td><td>1.600\u20ac<\/td><td>K+0&nbsp;&nbsp;&nbsp;&nbsp;&nbsp;&nbsp;&nbsp;&nbsp;&nbsp;&nbsp;&nbsp;&nbsp;&nbsp;&nbsp;&nbsp;&nbsp;&nbsp;&nbsp;&nbsp;&nbsp;&nbsp;&nbsp;&nbsp;&nbsp;&nbsp;<\/td><td>67063 Ludwigshafen<\/td><td>K, DK2, bez FS<\/td><\/tr><tr><td><strong>13891<\/strong><\/td><td>13.02.2026<\/td><td>1.700\u20ac<\/td><td>K+0<\/td><td>65239 Hochheim<\/td><td>K, DK2-3, bez FS<\/td><\/tr><tr><td><strong>13892<\/strong><\/td><td>11.02.2026<\/td><td>1.600\u20ac<\/td><td>M+0<\/td><td>72379 Hechingen<\/td><td>K, DK3, bez FS<\/td><\/tr><tr><td><strong>13893<\/strong><\/td><td>12.02.2026<\/td><td>1.700\u20ac<\/td><td>K+0<\/td><td>67245 Lambsheim<\/td><td>K, DK2, bez FS<\/td><\/tr><tr><td><strong>13894<\/strong><\/td><td>16.02.2026<\/td><td>1.700\u20ac<\/td><td>K+0&nbsp;&nbsp;&nbsp;&nbsp;&nbsp;&nbsp;&nbsp;&nbsp;&nbsp;&nbsp;&nbsp;&nbsp;&nbsp;&nbsp;&nbsp;&nbsp;&nbsp;&nbsp;&nbsp;&nbsp;&nbsp;&nbsp;&nbsp;&nbsp;&nbsp;<\/td><td>89312 G\u00fcnzburg<\/td><td>K, DK2, bez FS<\/td><\/tr><tr><td><strong>13895<\/strong><\/td><td>18.02.2026<\/td><td>1.600\u20ac<\/td><td>M+0<\/td><td>36205 Sontra<\/td><td>K, DK3, bez FS<\/td><\/tr><tr><td><strong>13896<\/strong><\/td><td>16.02.2026<\/td><td>1.600\u20ac<\/td><td>M+0<\/td><td>22946 Trittau<\/td><td>K, DK3, FS<\/td><\/tr><tr><td><strong>13897<\/strong><\/td><td>18.02.2026<\/td><td>1.700\u20ac<\/td><td>M+1<\/td><td>26209 Hatten-Sandkrug<\/td><td>K, DK2-3, FS<\/td><\/tr><tr><td><strong>13898<\/strong><\/td><td>16.02.2026<\/td><td>1.800\u20ac<\/td><td>K+0&nbsp;&nbsp;&nbsp;&nbsp;&nbsp;&nbsp;&nbsp;&nbsp;&nbsp;&nbsp;&nbsp;&nbsp;&nbsp;&nbsp;&nbsp;&nbsp;&nbsp;&nbsp;&nbsp;&nbsp;&nbsp;&nbsp;&nbsp;&nbsp;&nbsp;<\/td><td>87439 Kempten<\/td><td>K, DK1-2, ew FS<\/td><\/tr><tr><td><strong>13899<\/strong><\/td><td>17.02.2026<\/td><td>1.600\u20ac<\/td><td>K+1<\/td><td>56332 Alken<\/td><td>K, DK3, bez FS<\/td><\/tr><\/tbody><\/table><\/figure>\n\n\n\n<hr class=\"wp-block-separator has-alpha-channel-opacity\"\/>\n\n\n\n<div class=\"wp-block-group is-vertical is-content-justification-center is-layout-flex wp-container-core-group-is-layout-9 wp-block-group-is-layout-flex\">\n<div class=\"wp-block-group is-horizontal is-content-justification-left is-layout-flex wp-container-core-group-is-layout-7 wp-block-group-is-layout-flex\">\n<div class=\"wp-block-group is-vertical is-content-justification-stretch is-layout-flex wp-container-core-group-is-layout-6 wp-block-group-is-layout-flex\">\n<div class=\"wp-block-buttons is-vertical is-content-justification-center is-layout-flex wp-container-core-buttons-is-layout-1 wp-block-buttons-is-layout-flex\">\n<div class=\"wp-block-button has-custom-width wp-block-button__width-100 has-custom-font-size is-style-outline has-medium-font-size is-style-outline--1\"><a class=\"wp-block-button__link has-white-color has-text-color has-background wp-element-button\" href=\"https:\/\/www.auxiliavera.com\/?page_id=7925\" style=\"border-radius:100px;background-color:#84b8d8\"><strong>PREMIE<\/strong> <strong>&amp;<\/strong> <strong>DODATKI<\/strong><\/a><\/div>\n<\/div>\n<\/div>\n<\/div>\n\n\n\n<div class=\"wp-block-group is-horizontal is-content-justification-center is-layout-flex wp-container-core-group-is-layout-8 wp-block-group-is-layout-flex\"><\/div>\n<\/div>\n\n\n\n<p><\/p>\n ","protected":false},"excerpt":{"rendered":"<p>Uwaga! Wszystkich szczeg\u00f3\u0142owych informacji na temat zlecenia udzielamy w bezpo\u015bredniej rozmowie telefonicznej (+48 789 200 352). *Proponowana stawka wynagrodzenia netto za okres 31 dni, obejmuje niemieckie ubezpieczenie emerytalno-rentowe oraz koszty ksi\u0119gowe i podatkowe. Wysoko\u015b\u0107 wynagrodzenia uzale\u017cniona jest od do\u015bwiadczenia, referencji oraz poziomu znajomo\u015bci j\u0119zyka niemieckiego i ustalana jest z Opiekunem indywidualnie, ka\u017cdorazowo przy przedstawieniu oferty.&hellip; <br \/> <a class=\"read-more\" href=\"https:\/\/www.auxiliavera.com\/?page_id=5363\">Dowiedz si\u0119 wi\u0119cej<\/a><\/p>\n","protected":false},"author":1,"featured_media":0,"parent":0,"menu_order":0,"comment_status":"closed","ping_status":"closed","template":"","meta":{"footnotes":""},"class_list":["post-5363","page","type-page","status-publish","hentry"],"_links":{"self":[{"href":"https:\/\/www.auxiliavera.com\/index.php?rest_route=\/wp\/v2\/pages\/5363","targetHints":{"allow":["GET"]}}],"collection":[{"href":"https:\/\/www.auxiliavera.com\/index.php?rest_route=\/wp\/v2\/pages"}],"about":[{"href":"https:\/\/www.auxiliavera.com\/index.php?rest_route=\/wp\/v2\/types\/page"}],"author":[{"embeddable":true,"href":"https:\/\/www.auxiliavera.com\/index.php?rest_route=\/wp\/v2\/users\/1"}],"replies":[{"embeddable":true,"href":"https:\/\/www.auxiliavera.com\/index.php?rest_route=%2Fwp%2Fv2%2Fcomments&post=5363"}],"version-history":[{"count":565,"href":"https:\/\/www.auxiliavera.com\/index.php?rest_route=\/wp\/v2\/pages\/5363\/revisions"}],"predecessor-version":[{"id":8103,"href":"https:\/\/www.auxiliavera.com\/index.php?rest_route=\/wp\/v2\/pages\/5363\/revisions\/8103"}],"wp:attachment":[{"href":"https:\/\/www.auxiliavera.com\/index.php?rest_route=%2Fwp%2Fv2%2Fmedia&parent=5363"}],"curies":[{"name":"wp","href":"https:\/\/api.w.org\/{rel}","templated":true}]}}