{"id":6638,"date":"2023-11-15T13:54:24","date_gmt":"2023-11-15T13:54:24","guid":{"rendered":"https:\/\/www.auxiliavera.com\/?page_id=6638"},"modified":"2026-02-06T14:57:13","modified_gmt":"2026-02-06T14:57:13","slug":"6638-2","status":"publish","type":"page","link":"https:\/\/www.auxiliavera.com\/?page_id=6638","title":{"rendered":""},"content":{"rendered":"\n<div class=\"wp-block-group is-vertical is-content-justification-center is-layout-flex wp-container-core-group-is-layout-1 wp-block-group-is-layout-flex\" style=\"font-size:20px\">\n<div class=\"wp-block-group\" style=\"text-align: center;\">\u00a0<\/div>\n<div class=\"wp-block-group\" style=\"text-align: center;\"><strong data-cpid=\"new_cp_node_560\"><mark class=\"has-inline-color has-vivid-cyan-blue-color\" style=\"background-color: rgba(0, 0, 0, 0);\" data-cpid=\"new_cp_node_561\"><span style=\"font-family: Marcellus, arial, helvetica, sans-serif; color: #333333;\" data-cpid=\"new_cp_node_565\">Wszystkich szczeg\u00f3\u0142owych informacji na temat zlecenia udzielamy w bezpo\u015bredniej rozmowie telefonicznej.<\/span><span style=\"color: #185570;\" data-cpid=\"new_cp_node_562\"><br data-cpid=\"new_cp_node_566\" \/><\/span><\/mark><\/strong><\/div>\n<p class=\"has-text-align-center\" style=\"font-size: 19px; font-style: normal; font-weight: 500; letter-spacing: 1px;\"><span style=\"font-family: Muli, arial, helvetica, sans-serif;\"><strong><mark class=\"has-inline-color has-vivid-cyan-blue-color\" style=\"background-color: rgba(0, 0, 0, 0);\"><span style=\"color: #185570;\"><br \/><span style=\"color: #0693e3;\">Zapraszamy do kontaktu:<\/span><\/span><\/mark><\/strong><\/span><\/p>\n<p class=\"has-text-align-center\" style=\"font-size: 19px; font-style: normal; font-weight: 500; letter-spacing: 1px;\"><mark class=\"has-inline-color has-vivid-cyan-blue-color\" style=\"background-color: rgba(0, 0, 0, 0);\"><\/mark><span style=\"font-family: Muli, arial, helvetica, sans-serif; color: #185570;\"><strong><mark class=\"has-inline-color has-vivid-cyan-blue-color\" style=\"background-color: rgba(0, 0, 0, 0);\">+48 789 200 352<\/mark><\/strong><\/span><\/p>\n<div class=\"wp-block-group\">\u00a0<\/div>\n<p>\u00a0<\/p>\n<\/div>\n ","protected":false},"excerpt":{"rendered":"<p>\u00a0 Wszystkich szczeg\u00f3\u0142owych informacji na temat zlecenia udzielamy w bezpo\u015bredniej rozmowie telefonicznej. Zapraszamy do kontaktu: +48 789 200 352 \u00a0 \u00a0<\/p>\n","protected":false},"author":1,"featured_media":0,"parent":0,"menu_order":0,"comment_status":"closed","ping_status":"closed","template":"pro\/page-templates\/landing-page.php","meta":{"footnotes":""},"class_list":["post-6638","page","type-page","status-publish","hentry"],"_links":{"self":[{"href":"https:\/\/www.auxiliavera.com\/index.php?rest_route=\/wp\/v2\/pages\/6638","targetHints":{"allow":["GET"]}}],"collection":[{"href":"https:\/\/www.auxiliavera.com\/index.php?rest_route=\/wp\/v2\/pages"}],"about":[{"href":"https:\/\/www.auxiliavera.com\/index.php?rest_route=\/wp\/v2\/types\/page"}],"author":[{"embeddable":true,"href":"https:\/\/www.auxiliavera.com\/index.php?rest_route=\/wp\/v2\/users\/1"}],"replies":[{"embeddable":true,"href":"https:\/\/www.auxiliavera.com\/index.php?rest_route=%2Fwp%2Fv2%2Fcomments&post=6638"}],"version-history":[{"count":23,"href":"https:\/\/www.auxiliavera.com\/index.php?rest_route=\/wp\/v2\/pages\/6638\/revisions"}],"predecessor-version":[{"id":8043,"href":"https:\/\/www.auxiliavera.com\/index.php?rest_route=\/wp\/v2\/pages\/6638\/revisions\/8043"}],"wp:attachment":[{"href":"https:\/\/www.auxiliavera.com\/index.php?rest_route=%2Fwp%2Fv2%2Fmedia&parent=6638"}],"curies":[{"name":"wp","href":"https:\/\/api.w.org\/{rel}","templated":true}]}}