{"id":7925,"date":"2026-02-05T11:58:31","date_gmt":"2026-02-05T11:58:31","guid":{"rendered":"https:\/\/www.auxiliavera.com\/?page_id=7925"},"modified":"2026-02-18T11:56:17","modified_gmt":"2026-02-18T11:56:17","slug":"premie-i-dodatki-2","status":"publish","type":"page","link":"https:\/\/www.auxiliavera.com\/?page_id=7925","title":{"rendered":"PREMIE &amp; DODATKI"},"content":{"rendered":"\n<div class=\"wp-block-group is-content-justification-center is-nowrap is-layout-flex wp-container-core-group-is-layout-1 wp-block-group-is-layout-flex\">\n<p class=\"has-text-align-center has-text-color has-link-color wp-elements-22056bdc6bdabd69eeb67d3203ac4c0b wp-container-content-1\" style=\"color:#404e69;font-size:23px;font-style:normal;font-weight:200;letter-spacing:0px\"><strong>Co mo\u017cesz zyska\u0107 w 2026 roku<\/strong>:<\/p>\n<\/div>\n\n\n\n<div class=\"wp-block-group is-vertical is-content-justification-center is-layout-flex wp-container-core-group-is-layout-2 wp-block-group-is-layout-flex\"><div class=\"wp-block-image\">\n<figure class=\"aligncenter size-full is-resized\"><a href=\"https:\/\/www.auxiliavera.com\/wp-content\/uploads\/2026\/02\/hine-2000-x-1500-px.png\"><img loading=\"lazy\" decoding=\"async\" width=\"2000\" height=\"2000\" src=\"https:\/\/www.auxiliavera.com\/wp-content\/uploads\/2026\/02\/hine-2000-x-1500-px.png\" alt=\"\" class=\"wp-image-8307\" style=\"width:826px;height:auto\" srcset=\"https:\/\/www.auxiliavera.com\/wp-content\/uploads\/2026\/02\/hine-2000-x-1500-px.png 2000w, https:\/\/www.auxiliavera.com\/wp-content\/uploads\/2026\/02\/hine-2000-x-1500-px-300x300.png 300w, https:\/\/www.auxiliavera.com\/wp-content\/uploads\/2026\/02\/hine-2000-x-1500-px-1024x1024.png 1024w, https:\/\/www.auxiliavera.com\/wp-content\/uploads\/2026\/02\/hine-2000-x-1500-px-150x150.png 150w, https:\/\/www.auxiliavera.com\/wp-content\/uploads\/2026\/02\/hine-2000-x-1500-px-768x768.png 768w, https:\/\/www.auxiliavera.com\/wp-content\/uploads\/2026\/02\/hine-2000-x-1500-px-1536x1536.png 1536w, https:\/\/www.auxiliavera.com\/wp-content\/uploads\/2026\/02\/hine-2000-x-1500-px-1080x1080.png 1080w\" sizes=\"auto, (max-width: 2000px) 100vw, 2000px\" \/><\/a><\/figure><\/div><\/div>\n\n\n\n<hr class=\"wp-block-separator has-alpha-channel-opacity\"\/>\n\n\n\n<p class=\"has-text-align-center has-text-color has-link-color wp-elements-abaa8001849e91427963247ca2b9c673\" style=\"color:#767a7e;font-size:12px\"><em>Powy\u017csza oferta obowi\u0105zuje od 01.01.2026 r.<\/em><br><br><em>Opiekun otrzymuje 100% stawki dziennej za dzie\u0144 przyjazdu\/wyjazdu &#8211; zamiast 50% &#8211; \u00a0niezale\u017cnie od godziny przyjazdu\/wyjazdu, o ile tego dnia \u015bwiadczone s\u0105 jakiekolwiek us\u0142ugi.<\/em><br><br><em>Warunkiem wyp\u0142acenia dodatku za polecenie jest bie\u017c\u0105ca wsp\u00f3\u0142praca z AuxiliaVera \u2013 dodatek naliczany jest do bie\u017c\u0105cego wynagrodzenia.<\/em><br><br><em>Specjalna premia roczna za przepracowany rok wyp\u0142acana jest pierwszych miesi\u0105cach nast\u0119pnego roku, pod warunkiem, \u017ce Opiekun kontynuuje wsp\u00f3\u0142prac\u0119 z AuxiliaVera.<\/em><br><br><em>Bonusy, dodatki i premie maj\u0105 <strong>charakter uznaniowy<\/strong> i nie stanowi\u0105 sta\u0142ego ani gwarantowanego sk\u0142adnika wynagrodzenia.  Ich przyznanie, wysoko\u015b\u0107 oraz termin wyp\u0142aty zale\u017c\u0105 od indywidualnej decyzji pracodawcy, z uwzgl\u0119dnieniem jako\u015bci pracy, postawy pracownika, realizacji cel\u00f3w oraz dotychczas wyp\u0142aconych \u015bwiadcze\u0144 dodatkowych i podwy\u017cek wynagrodzenia. Spe\u0142nienie jakichkolwiek kryteri\u00f3w, w tym przepracowanie okre\u015blonej liczby dni, nie rodzi po stronie pracownika prawa ani roszczenia do ich wyp\u0142aty. <br><\/em><br><em>Informacje zawarte na stronie maj\u0105 charakter wy\u0142\u0105cznie informacyjny.<br><\/em><br><\/p>\n\n\n\n<hr class=\"wp-block-separator has-alpha-channel-opacity\"\/>\n ","protected":false},"excerpt":{"rendered":"<p>Co mo\u017cesz zyska\u0107 w 2026 roku: Powy\u017csza oferta obowi\u0105zuje od 01.01.2026 r. Opiekun otrzymuje 100% stawki dziennej za dzie\u0144 przyjazdu\/wyjazdu &#8211; zamiast 50% &#8211; \u00a0niezale\u017cnie od godziny przyjazdu\/wyjazdu, o ile tego dnia \u015bwiadczone s\u0105 jakiekolwiek us\u0142ugi. Warunkiem wyp\u0142acenia dodatku za polecenie jest bie\u017c\u0105ca wsp\u00f3\u0142praca z AuxiliaVera \u2013 dodatek naliczany jest do bie\u017c\u0105cego wynagrodzenia. Specjalna premia&hellip; <br \/> <a class=\"read-more\" href=\"https:\/\/www.auxiliavera.com\/?page_id=7925\">Dowiedz si\u0119 wi\u0119cej<\/a><\/p>\n","protected":false},"author":1,"featured_media":0,"parent":0,"menu_order":0,"comment_status":"closed","ping_status":"closed","template":"","meta":{"footnotes":""},"class_list":["post-7925","page","type-page","status-publish","hentry"],"_links":{"self":[{"href":"https:\/\/www.auxiliavera.com\/index.php?rest_route=\/wp\/v2\/pages\/7925","targetHints":{"allow":["GET"]}}],"collection":[{"href":"https:\/\/www.auxiliavera.com\/index.php?rest_route=\/wp\/v2\/pages"}],"about":[{"href":"https:\/\/www.auxiliavera.com\/index.php?rest_route=\/wp\/v2\/types\/page"}],"author":[{"embeddable":true,"href":"https:\/\/www.auxiliavera.com\/index.php?rest_route=\/wp\/v2\/users\/1"}],"replies":[{"embeddable":true,"href":"https:\/\/www.auxiliavera.com\/index.php?rest_route=%2Fwp%2Fv2%2Fcomments&post=7925"}],"version-history":[{"count":38,"href":"https:\/\/www.auxiliavera.com\/index.php?rest_route=\/wp\/v2\/pages\/7925\/revisions"}],"predecessor-version":[{"id":8310,"href":"https:\/\/www.auxiliavera.com\/index.php?rest_route=\/wp\/v2\/pages\/7925\/revisions\/8310"}],"wp:attachment":[{"href":"https:\/\/www.auxiliavera.com\/index.php?rest_route=%2Fwp%2Fv2%2Fmedia&parent=7925"}],"curies":[{"name":"wp","href":"https:\/\/api.w.org\/{rel}","templated":true}]}}