{"id":8204,"date":"2026-02-17T11:35:58","date_gmt":"2026-02-17T11:35:58","guid":{"rendered":"https:\/\/www.auxiliavera.com\/?page_id=8204"},"modified":"2026-02-17T13:44:55","modified_gmt":"2026-02-17T13:44:55","slug":"oferta-nr-13861-2026-ph","status":"publish","type":"page","link":"https:\/\/www.auxiliavera.com\/?page_id=8204","title":{"rendered":"Oferta nr 13861\/2026\/PH"},"content":{"rendered":"\n<hr class=\"wp-block-separator has-alpha-channel-opacity is-style-default\"\/>\n\n\n\n<p class=\"has-text-align-center has-text-color has-link-color wp-elements-2f3c9bb9ed625298d834b88009a4fdff\" style=\"color:#336184;font-size:25px;font-style:normal;font-weight:600;letter-spacing:0.4px\">13861\/2026\/PH<\/p>\n\n\n\n<p><\/p>\n\n\n\n<div class=\"wp-block-group is-vertical is-content-justification-stretch is-layout-flex wp-container-core-group-is-layout-3 wp-block-group-is-layout-flex\">\n<h4 class=\"wp-block-heading\" style=\"font-style:normal;font-weight:600\">Miejscowo\u015b\u0107: 66793 Saarwellingen<br>Podopieczny: kobieta<br>Opiekun: kobieta<\/h4>\n\n\n\n<p>Opinie Opiekun\u00f3w i dodatkowe informacje dotycz\u0105ce zlecenia:<\/p>\n\n\n\n<p>&#8211; Seniorka sympatyczna, mobilna<br>&#8211; Rodzina mieszka w niedalekiej odleg\u0142o\u015bci, odwiedza<br>&#8211; Opiekun ma oddzielny pok\u00f3j, \u0142azienk\u0119 i toalet\u0119<\/p>\n\n\n\n<hr class=\"wp-block-separator aligncenter has-alpha-channel-opacity is-style-dots\"\/>\n\n\n\n<p class=\"has-text-align-center has-text-color has-link-color wp-elements-1e6eb9084558f9acde2f898e51cbab89\" style=\"color:#682727;font-size:13px;font-style:normal;font-weight:300\"><strong>Wa\u017cne! Szczeg\u00f3\u0142owych informacji na temat aktualnego stanu zdrowia i zakresu opieki udzielamy w trakcie bezpo\u015bredniej rozmowy telefonicznej<\/strong><br><\/p>\n\n\n\n<div class=\"wp-block-group has-background is-vertical is-content-justification-center is-layout-flex wp-container-core-group-is-layout-2 wp-block-group-is-layout-flex\" style=\"background-color:#ebf7ff\">\n<h2 class=\"wp-block-heading has-text-align-center has-medium-font-size\" style=\"font-style:normal;font-weight:400;letter-spacing:1px\">Aplikuj na zlecenie:<\/h2>\n\n\n\n<div class=\"wp-block-group has-background is-content-justification-center is-nowrap is-layout-flex wp-container-core-group-is-layout-1 wp-block-group-is-layout-flex\" style=\"background-color:#ebf7ff;font-size:13px\">\n<div class=\"wp-block-contact-form-7-contact-form-selector\">\n<div class=\"wpcf7 no-js\" id=\"wpcf7-f8209-o1\" lang=\"pl-PL\" dir=\"ltr\">\n<div class=\"screen-reader-response\"><p role=\"status\" aria-live=\"polite\" aria-atomic=\"true\"><\/p> <ul><\/ul><\/div>\n<form action=\"\/index.php?rest_route=%2Fwp%2Fv2%2Fpages%2F8204#wpcf7-f8209-o1\" method=\"post\" class=\"wpcf7-form init\" name=\"SZYBKAAPLIKACJA\" aria-label=\"Formularz kontaktowy\" novalidate=\"novalidate\" data-status=\"init\">\n<div style=\"display: none;\">\n<input type=\"hidden\" name=\"_wpcf7\" value=\"8209\" \/>\n<input type=\"hidden\" name=\"_wpcf7_version\" value=\"5.7.7\" \/>\n<input type=\"hidden\" name=\"_wpcf7_locale\" value=\"pl_PL\" \/>\n<input type=\"hidden\" name=\"_wpcf7_unit_tag\" value=\"wpcf7-f8209-o1\" \/>\n<input type=\"hidden\" name=\"_wpcf7_container_post\" value=\"0\" \/>\n<input type=\"hidden\" name=\"_wpcf7_posted_data_hash\" value=\"\" \/>\n<\/div>\n<p><label> Imi\u0119 i nazwisko <span class=\"wpcf7-form-control-wrap\" data-name=\"your-name\"><input size=\"40\" class=\"wpcf7-form-control wpcf7-text wpcf7-validates-as-required\" aria-required=\"true\" aria-invalid=\"false\" value=\"\" type=\"text\" name=\"your-name\" \/><\/span> <\/label>\n<\/p>\n<p><label> Numer telefonu <span class=\"wpcf7-form-control-wrap\" data-name=\"Numertelefonu\"><input size=\"40\" class=\"wpcf7-form-control wpcf7-text wpcf7-tel wpcf7-validates-as-required wpcf7-validates-as-tel\" aria-required=\"true\" aria-invalid=\"false\" value=\"\" type=\"tel\" name=\"Numertelefonu\" \/><\/span><br \/>\n<label> Numer oferty <span class=\"wpcf7-form-control-wrap\" data-name=\"number-303\"><input class=\"wpcf7-form-control wpcf7-number wpcf7-validates-as-number\" aria-invalid=\"false\" value=\"\" type=\"number\" name=\"number-303\" \/><\/span><br \/>\n<span class=\"wpcf7-form-control-wrap\" data-name=\"Wyraaniezgody\"><span class=\"wpcf7-form-control wpcf7-acceptance\"><span class=\"wpcf7-list-item\"><label><input type=\"checkbox\" name=\"Wyraaniezgody\" value=\"1\" aria-invalid=\"false\" \/><span class=\"wpcf7-list-item-label\">Wyra\u017cam zgod\u0119 na przetwarzanie moich danych w celach kontaktowych.<\/span><\/label><\/span><\/span><\/span><br \/>\n<\/label><\/label>\n<\/p>\n<div style=\"text-align: center;\">\n\t<p><input class=\"wpcf7-form-control has-spinner wpcf7-submit\" type=\"submit\" value=\"Wy\u015blij\" \/>\n\t<\/p>\n<\/div><div class=\"wpcf7-response-output\" aria-hidden=\"true\"><\/div>\n<\/form>\n<\/div>\n<\/div>\n<\/div>\n<\/div>\n<\/div>\n ","protected":false},"excerpt":{"rendered":"<p>13861\/2026\/PH Miejscowo\u015b\u0107: 66793 SaarwellingenPodopieczny: kobietaOpiekun: kobieta Opinie Opiekun\u00f3w i dodatkowe informacje dotycz\u0105ce zlecenia: &#8211; Seniorka sympatyczna, mobilna&#8211; Rodzina mieszka w niedalekiej odleg\u0142o\u015bci, odwiedza&#8211; Opiekun ma oddzielny pok\u00f3j, \u0142azienk\u0119 i toalet\u0119 Wa\u017cne! Szczeg\u00f3\u0142owych informacji na temat aktualnego stanu zdrowia i zakresu opieki udzielamy w trakcie bezpo\u015bredniej rozmowy telefonicznej Aplikuj na zlecenie:<\/p>\n","protected":false},"author":1,"featured_media":0,"parent":7,"menu_order":0,"comment_status":"closed","ping_status":"closed","template":"pro\/page-templates\/boxed-page-with-small-header.php","meta":{"footnotes":""},"class_list":["post-8204","page","type-page","status-publish","hentry"],"_links":{"self":[{"href":"https:\/\/www.auxiliavera.com\/index.php?rest_route=\/wp\/v2\/pages\/8204","targetHints":{"allow":["GET"]}}],"collection":[{"href":"https:\/\/www.auxiliavera.com\/index.php?rest_route=\/wp\/v2\/pages"}],"about":[{"href":"https:\/\/www.auxiliavera.com\/index.php?rest_route=\/wp\/v2\/types\/page"}],"author":[{"embeddable":true,"href":"https:\/\/www.auxiliavera.com\/index.php?rest_route=\/wp\/v2\/users\/1"}],"replies":[{"embeddable":true,"href":"https:\/\/www.auxiliavera.com\/index.php?rest_route=%2Fwp%2Fv2%2Fcomments&post=8204"}],"version-history":[{"count":24,"href":"https:\/\/www.auxiliavera.com\/index.php?rest_route=\/wp\/v2\/pages\/8204\/revisions"}],"predecessor-version":[{"id":8281,"href":"https:\/\/www.auxiliavera.com\/index.php?rest_route=\/wp\/v2\/pages\/8204\/revisions\/8281"}],"up":[{"embeddable":true,"href":"https:\/\/www.auxiliavera.com\/index.php?rest_route=\/wp\/v2\/pages\/7"}],"wp:attachment":[{"href":"https:\/\/www.auxiliavera.com\/index.php?rest_route=%2Fwp%2Fv2%2Fmedia&parent=8204"}],"curies":[{"name":"wp","href":"https:\/\/api.w.org\/{rel}","templated":true}]}}